{"id":99,"date":"2024-04-11T15:06:21","date_gmt":"2024-04-11T13:06:21","guid":{"rendered":"https:\/\/experiments.80.com-online.com\/?post_type=product&#038;p=99"},"modified":"2024-04-11T15:06:21","modified_gmt":"2024-04-11T13:06:21","slug":"atlas-der-boeden-im-natur-und-geopark-terra-vita","status":"publish","type":"product","link":"https:\/\/experiments.80.com-online.com\/?product=atlas-der-boeden-im-natur-und-geopark-terra-vita","title":{"rendered":"Atlas der B\u00f6den im Natur- und Geopark TERRA.vita"},"content":{"rendered":"<p>Warum wird die Bedeutung der B\u00f6den bis heute vielfach verkannt? Oft fehlt das Wissen dar\u00fcber, dass der Boden die elementar wichtige Schnittstelle zwischen den unbelebten Gesteinen als Ausgangsmaterial der Bodenbildung einerseits und der belebten Umwelt anderseits bildet.<\/p>\n<p>Yvonne Kniese, Christian Dahlhaus und Prof. Dr. Klaus Mueller haben mit dem 110 Seiten umfassenden Bodenatlas (Din A4) ein Werk geschaffen, das in vielf\u00e4ltiger Weise zu Zwecken der Umweltbildung und Heimatkunde zum Einsatz kommen kann. Aufbauend auf einer kurzen Einf\u00fchrung in die Bodenkunde werden die wichtigsten B\u00f6den der Region, ihr Aufbau, ihre Zusammensetzung, ihre Bedeutung und Verbreitung vorgestellt.<\/p>\n<p>Das reich illustrierte und in dieser Form in Deutschland wohl einmalige Werk konnte durch finanzielle Unterst\u00fctzung der Haarmannstiftung und des Landkreises Osnabr\u00fcck erscheinen.<\/p>\n<p>Wir freuen uns, wenn der Bodenatlas zu vielen neuen Erkenntnissen und einer neuen Wertsch\u00e4tzung unserer B\u00f6den beitragen wird.<\/p>\n","protected":false},"excerpt":{"rendered":"<p>Aufbauend auf einer kurzen Einf\u00fchrung in die Bodenkunde werden die wichtigsten B\u00f6den der Region, ihr Aufbau, ihre Zusammensetzung, ihre Bedeutung und Verbreitung vorgestellt.<\/p>\n<p>DIN-A-4-Format, 112 Seiten, gedruckt auf 100 % Recyclingpapier<\/p>\n","protected":false},"featured_media":100,"comment_status":"open","ping_status":"closed","template":"","meta":[],"product_brand":[],"product_cat":[33,34],"product_tag":[35,36,37],"class_list":{"0":"post-99","1":"product","2":"type-product","3":"status-publish","4":"has-post-thumbnail","6":"product_cat-entdecken-schmoekern","7":"product_cat-publikationen","8":"product_tag-boden","9":"product_tag-geologie","10":"product_tag-publikationen","12":"first","13":"instock","14":"taxable","15":"shipping-taxable","16":"purchasable","17":"product-type-simple"},"_links":{"self":[{"href":"https:\/\/experiments.80.com-online.com\/index.php?rest_route=\/wp\/v2\/product\/99","targetHints":{"allow":["GET"]}}],"collection":[{"href":"https:\/\/experiments.80.com-online.com\/index.php?rest_route=\/wp\/v2\/product"}],"about":[{"href":"https:\/\/experiments.80.com-online.com\/index.php?rest_route=\/wp\/v2\/types\/product"}],"replies":[{"embeddable":true,"href":"https:\/\/experiments.80.com-online.com\/index.php?rest_route=%2Fwp%2Fv2%2Fcomments&post=99"}],"wp:featuredmedia":[{"embeddable":true,"href":"https:\/\/experiments.80.com-online.com\/index.php?rest_route=\/wp\/v2\/media\/100"}],"wp:attachment":[{"href":"https:\/\/experiments.80.com-online.com\/index.php?rest_route=%2Fwp%2Fv2%2Fmedia&parent=99"}],"wp:term":[{"taxonomy":"product_brand","embeddable":true,"href":"https:\/\/experiments.80.com-online.com\/index.php?rest_route=%2Fwp%2Fv2%2Fproduct_brand&post=99"},{"taxonomy":"product_cat","embeddable":true,"href":"https:\/\/experiments.80.com-online.com\/index.php?rest_route=%2Fwp%2Fv2%2Fproduct_cat&post=99"},{"taxonomy":"product_tag","embeddable":true,"href":"https:\/\/experiments.80.com-online.com\/index.php?rest_route=%2Fwp%2Fv2%2Fproduct_tag&post=99"}],"curies":[{"name":"wp","href":"https:\/\/api.w.org\/{rel}","templated":true}]}}